{"id":10586,"date":"2026-02-04T10:50:05","date_gmt":"2026-02-04T10:50:05","guid":{"rendered":"https:\/\/basscozum.com\/gulfco\/?page_id=10586"},"modified":"2026-02-04T10:59:09","modified_gmt":"2026-02-04T10:59:09","slug":"yuk-sabitleme-hizmetleri","status":"publish","type":"page","link":"https:\/\/safeturk.gulfco.com.tr\/index.php\/yuk-sabitleme-hizmetleri\/","title":{"rendered":"Y\u00fck Sabitleme Hizmetleri"},"content":{"rendered":"<div class=\"wpb-content-wrapper\"><p>[vc_section full_width=&#8221;stretch_row&#8221; woodmart_bg_position=&#8221;center-center&#8221; css=&#8221;.vc_custom_1770202563607{padding-top: 50px !important;background-image: url(https:\/\/safeturk.gulfco.com.tr\/wp-content\/uploads\/2026\/01\/jewellery-vertical-line-bg-left.png?id=) !important;background-position: 0 0 !important;background-repeat: repeat !important;}&#8221; woodmart_css_id=&#8221;69832672af2ea&#8221; responsive_spacing=&#8221;eyJwYXJhbV90eXBlIjoid29vZG1hcnRfcmVzcG9uc2l2ZV9zcGFjaW5nIiwic2VsZWN0b3JfaWQiOiI2OTgzMjY3MmFmMmVhIiwic2hvcnRjb2RlIjoidmNfc2VjdGlvbiIsImRhdGEiOnsidGFibGV0Ijp7fSwibW9iaWxlIjp7fX19&#8243; mobile_bg_img_hidden=&#8221;yes&#8221; tablet_bg_img_hidden=&#8221;no&#8221; woodmart_parallax=&#8221;0&#8243; woodmart_gradient_switch=&#8221;no&#8221; woodmart_disable_overflow=&#8221;0&#8243; wd_z_index=&#8221;no&#8221; woodmart_box_shadow=&#8221;no&#8221;][vc_row full_width=&#8221;stretch_row&#8221; content_placement=&#8221;middle&#8221; woodmart_bg_position=&#8221;center-top&#8221; row_reverse_mobile=&#8221;1&#8243; woodmart_disable_overflow=&#8221;1&#8243; css=&#8221;.vc_custom_1769764526524{margin-bottom: 35px !important;background-image: url(https:\/\/safeturk.gulfco.com.tr\/wp-content\/uploads\/2026\/01\/bg.png?id=10511) !important;background-position: 0 0 !important;background-repeat: no-repeat !important;}&#8221; woodmart_css_id=&#8221;697c76f642dd6&#8243; responsive_spacing=&#8221;eyJwYXJhbV90eXBlIjoid29vZG1hcnRfcmVzcG9uc2l2ZV9zcGFjaW5nIiwic2VsZWN0b3JfaWQiOiI2OTdjNzZmNjQyZGQ2Iiwic2hvcnRjb2RlIjoidmNfcm93IiwiZGF0YSI6eyJ0YWJsZXQiOnt9LCJtb2JpbGUiOnsibWFyZ2luLWJvdHRvbSI6IjIwcHgifX19&#8243; mobile_bg_img_hidden=&#8221;no&#8221; tablet_bg_img_hidden=&#8221;no&#8221; woodmart_parallax=&#8221;0&#8243; woodmart_gradient_switch=&#8221;no&#8221; row_reverse_tablet=&#8221;0&#8243; wd_z_index=&#8221;no&#8221; woodmart_box_shadow=&#8221;no&#8221;][vc_column css=&#8221;.vc_custom_1770202023247{margin-right: -80px !important;margin-bottom: 40px !important;margin-left: 15px !important;padding-top: 35px !important;padding-right: 50px !important;padding-bottom: 20px !important;padding-left: 50px !important;background-color: #ffffff !important;}&#8221; woodmart_css_id=&#8221;6983243e2a244&#8243; responsive_spacing=&#8221;eyJwYXJhbV90eXBlIjoid29vZG1hcnRfcmVzcG9uc2l2ZV9zcGFjaW5nIiwic2VsZWN0b3JfaWQiOiI2OTgzMjQzZTJhMjQ0Iiwic2hvcnRjb2RlIjoidmNfY29sdW1uIiwiZGF0YSI6eyJ0YWJsZXQiOnt9LCJtb2JpbGUiOnt9fX0=&#8221; parallax_scroll=&#8221;no&#8221; mobile_bg_img_hidden=&#8221;no&#8221; tablet_bg_img_hidden=&#8221;no&#8221; woodmart_parallax=&#8221;0&#8243; woodmart_sticky_column=&#8221;false&#8221; mobile_reset_margin=&#8221;yes&#8221; tablet_reset_margin=&#8221;no&#8221; wd_z_index=&#8221;yes&#8221; wd_collapsible_content_switcher=&#8221;no&#8221; wd_column_role_offcanvas_desktop=&#8221;no&#8221; wd_column_role_offcanvas_tablet=&#8221;no&#8221; wd_column_role_offcanvas_mobile=&#8221;no&#8221; wd_column_role_content_desktop=&#8221;no&#8221; wd_column_role_content_tablet=&#8221;no&#8221; wd_column_role_content_mobile=&#8221;no&#8221; woodmart_box_shadow=&#8221;no&#8221; wd_z_index_custom=&#8221;eyJkZXZpY2VzIjp7ImRlc2t0b3AiOnsidmFsdWUiOiIzNSJ9fX0=&#8221;]\n\t\t<div id=\"wd-6983255534197\" class=\"title-wrapper wd-wpb wd-set-mb reset-last-child  wd-rs-6983255534197 wd-title-color-default wd-title-style-default text-left vc_custom_1770202278208 wd-underline-colored\">\n\t\t\t\n\t\t\t<div class=\"liner-continer\">\n\t\t\t\t<h4 class=\"woodmart-title-container title  wd-font-weight- wd-fontsize-l\" >Y\u00fck Sabitleme Hizmetleri<\/h4>\n\t\t\t\t\t\t\t<\/div>\n\t\t\t\n\t\t\t\n\t\t\t\n\t\t<\/div>\n\t\t\n\t\t\t\t<div id=\"wd-6983242e3e766\" class=\"wd-text-block wd-wpb reset-last-child wd-rs-6983242e3e766 text-left vc_custom_1770201983334\">\n\t\t\t<p data-start=\"367\" data-end=\"685\">Ta\u015f\u0131ma ve lojistik s\u00fcre\u00e7lerinde y\u00fcklerin g\u00fcvenli bir \u015fekilde var\u0131\u015f noktas\u0131na ula\u015fmas\u0131, profesyonel y\u00fck sabitleme uygulamalar\u0131 ile m\u00fcmk\u00fcnd\u00fcr. <strong data-start=\"508\" data-end=\"532\">Gulfco Y\u00fck G\u00fcvenli\u011fi<\/strong>, farkl\u0131 ta\u015f\u0131ma t\u00fcrleri ve y\u00fck \u00e7e\u015fitlerine \u00f6zel geli\u015ftirdi\u011fi <strong data-start=\"593\" data-end=\"621\">y\u00fck sabitleme hizmetleri<\/strong> ile sevkiyat s\u00fcrecinin her a\u015famas\u0131nda maksimum g\u00fcvenlik sa\u011flar.<\/p>\n<p data-start=\"687\" data-end=\"976\">Uzman ekiplerimiz, y\u00fck\u00fcn t\u00fcr\u00fc, a\u011f\u0131rl\u0131\u011f\u0131, ta\u015f\u0131ma y\u00f6ntemi ve \u00e7evresel ko\u015fullar\u0131 detayl\u0131 \u015fekilde analiz ederek en uygun sabitleme y\u00f6ntemini belirler. Uluslararas\u0131 standartlara uygun ekipmanlar, sertifikal\u0131 spanzetler ve profesyonel uygulama teknikleri ile y\u00fcklerinizi g\u00fcvence alt\u0131na al\u0131yoruz.<\/p>\n\t\t<\/div>\n\t\t[\/vc_column][\/vc_row][\/vc_section][vc_row][vc_column][vc_single_image image=&#8221;10589&#8243; img_size=&#8221;full&#8221; parallax_scroll=&#8221;no&#8221; woodmart_inline=&#8221;no&#8221;][\/vc_column][\/vc_row][vc_row][vc_column width=&#8221;1\/2&#8243;]\n\t\t<div id=\"wd-6983255d41995\" class=\"title-wrapper wd-wpb wd-set-mb reset-last-child  wd-rs-6983255d41995 wd-title-color-default wd-title-style-default text-left vc_custom_1770202294864 wd-underline-colored\">\n\t\t\t\n\t\t\t<div class=\"liner-continer\">\n\t\t\t\t<h4 class=\"woodmart-title-container title  wd-font-weight- wd-fontsize-l\" >Konteyner \u0130\u00e7i \u00c7oklu Ara\u00e7 Sabitleme Hizmetleri<\/h4>\n\t\t\t\t\t\t\t<\/div>\n\t\t\t\n\t\t\t\n\t\t\t\n\t\t<\/div>\n\t\t\n\t\t\t\t<div id=\"wd-698324e57b094\" class=\"wd-text-block wd-wpb reset-last-child wd-rs-698324e57b094 text-left vc_custom_1770202164767\">\n\t\t\t<p data-start=\"1033\" data-end=\"1429\">Konteyner i\u00e7erisinde birden fazla arac\u0131n ta\u015f\u0131nmas\u0131, y\u00fcksek hassasiyet ve do\u011fru planlama gerektirir. Gulfco olarak sundu\u011fumuz <strong data-start=\"1158\" data-end=\"1207\">konteyner i\u00e7i \u00e7oklu ara\u00e7 sabitleme hizmetleri<\/strong>, ara\u00e7lar\u0131n ta\u015f\u0131ma s\u0131ras\u0131nda hareket etmesini, zarar g\u00f6rmesini ve devrilmesini \u00f6nleyecek \u015fekilde profesyonel olarak uygulan\u0131r. Her ara\u00e7, konteyner i\u00e7i yerle\u015fime uygun olarak ayr\u0131 ayr\u0131 sabitlenir ve g\u00fcvenli ta\u015f\u0131ma sa\u011flan\u0131r.<\/p>\n\t\t<\/div>\n\t\t[\/vc_column][vc_column width=&#8221;1\/2&#8243;]\n\t\t<div id=\"wd-6983257bf1710\" class=\"title-wrapper wd-wpb wd-set-mb reset-last-child  wd-rs-6983257bf1710 wd-title-color-default wd-title-style-default text-left vc_custom_1770202322156 wd-underline-colored\">\n\t\t\t\n\t\t\t<div class=\"liner-continer\">\n\t\t\t\t<h4 class=\"woodmart-title-container title  wd-font-weight- wd-fontsize-l\" >Konteyner Y\u00fck Sabitleme Hizmetleri<\/h4>\n\t\t\t\t\t\t\t<\/div>\n\t\t\t\n\t\t\t\n\t\t\t\n\t\t<\/div>\n\t\t\n\t\t\t\t<div id=\"wd-698324ee24edb\" class=\"wd-text-block wd-wpb reset-last-child wd-rs-698324ee24edb text-left vc_custom_1770202187405\">\n\t\t\t<p data-start=\"1475\" data-end=\"1850\">Farkl\u0131 \u00f6l\u00e7\u00fc ve a\u011f\u0131rl\u0131klara sahip y\u00fckler i\u00e7in sundu\u011fumuz <strong data-start=\"1531\" data-end=\"1569\">konteyner y\u00fck sabitleme hizmetleri<\/strong>, y\u00fck\u00fcn ta\u015f\u0131ma s\u00fcresince sabit kalmas\u0131n\u0131 hedefler. Konteyner i\u00e7i y\u00fck sabitleme uygulamalar\u0131m\u0131zda, y\u00fck tipine \u00f6zel ekipmanlar ve ba\u011flama teknikleri kullan\u0131larak maksimum stabilite sa\u011flan\u0131r. Bu sayede uzun mesafeli ve uluslararas\u0131 ta\u015f\u0131mac\u0131l\u0131kta olu\u015fabilecek riskler en aza indirilir.<\/p>\n\t\t<\/div>\n\t\t[\/vc_column][\/vc_row][vc_row][vc_column width=&#8221;1\/2&#8243;]\n\t\t<div id=\"wd-69832587cdd98\" class=\"title-wrapper wd-wpb wd-set-mb reset-last-child  wd-rs-69832587cdd98 wd-title-color-default wd-title-style-default text-left vc_custom_1770202334878 wd-underline-colored\">\n\t\t\t\n\t\t\t<div class=\"liner-continer\">\n\t\t\t\t<h4 class=\"woodmart-title-container title  wd-font-weight- wd-fontsize-l\" >Proje Y\u00fck Sabitleme Hizmetleri<\/h4>\n\t\t\t\t\t\t\t<\/div>\n\t\t\t\n\t\t\t\n\t\t\t\n\t\t<\/div>\n\t\t\n\t\t\t\t<div id=\"wd-6983250c42808\" class=\"wd-text-block wd-wpb reset-last-child wd-rs-6983250c42808 text-left vc_custom_1770202203569\">\n\t\t\t<p data-start=\"1892\" data-end=\"2240\">A\u011f\u0131r tonajl\u0131, hassas veya \u00f6zel \u00f6l\u00e7\u00fclere sahip y\u00fckler i\u00e7in <strong data-start=\"1950\" data-end=\"1984\">proje y\u00fck sabitleme hizmetleri<\/strong> sunuyoruz. Proje bazl\u0131 \u00e7al\u0131\u015fmalar\u0131m\u0131zda her y\u00fck i\u00e7in \u00f6zel sabitleme planlar\u0131 olu\u015fturulur ve uygulama s\u00fcreci uzman ekiplerimiz taraf\u0131ndan titizlikle y\u00fcr\u00fct\u00fcl\u00fcr. End\u00fcstriyel tesis ekipmanlar\u0131, makine ve \u00f6zel y\u00fcklerin ta\u015f\u0131nmas\u0131nda g\u00fcvenli \u00e7\u00f6z\u00fcmler \u00fcretiyoruz.<\/p>\n\t\t<\/div>\n\t\t[\/vc_column][vc_column width=&#8221;1\/2&#8243;]\n\t\t<div id=\"wd-69832594a0dc0\" class=\"title-wrapper wd-wpb wd-set-mb reset-last-child  wd-rs-69832594a0dc0 wd-title-color-default wd-title-style-default text-left vc_custom_1770202347405 wd-underline-colored\">\n\t\t\t\n\t\t\t<div class=\"liner-continer\">\n\t\t\t\t<h4 class=\"woodmart-title-container title  wd-font-weight- wd-fontsize-l\" >Ara\u00e7 \u00dcst\u00fc Y\u00fck Sabitleme Hizmetleri<\/h4>\n\t\t\t\t\t\t\t<\/div>\n\t\t\t\n\t\t\t\n\t\t\t\n\t\t<\/div>\n\t\t\n\t\t\t\t<div id=\"wd-6983251b155ff\" class=\"wd-text-block wd-wpb reset-last-child wd-rs-6983251b155ff text-left vc_custom_1770202218206\">\n\t\t\t<p data-start=\"2286\" data-end=\"2592\">T\u0131r, kamyon ve a\u00e7\u0131k kasa ara\u00e7lar \u00fczerinde ta\u015f\u0131nan y\u00fckler i\u00e7in sundu\u011fumuz <strong data-start=\"2359\" data-end=\"2397\">ara\u00e7 \u00fcst\u00fc y\u00fck sabitleme hizmetleri<\/strong>, ta\u015f\u0131ma g\u00fcvenli\u011fini en \u00fcst seviyeye \u00e7\u0131kar\u0131r. Y\u00fck\u00fcn ara\u00e7 \u00fczerinde kaymas\u0131n\u0131, devrilmesini veya hasar g\u00f6rmesini \u00f6nlemek amac\u0131yla uygun sabitleme ekipmanlar\u0131 ve do\u011fru ba\u011flama teknikleri kullan\u0131l\u0131r.<\/p>\n\t\t<\/div>\n\t\t[\/vc_column][\/vc_row][vc_row][vc_column][vc_single_image image=&#8221;10588&#8243; img_size=&#8221;full&#8221; css=&#8221;&#8221; parallax_scroll=&#8221;no&#8221; woodmart_inline=&#8221;no&#8221;][\/vc_column][\/vc_row][vc_row][vc_column width=&#8221;1\/2&#8243;]\n\t\t<div id=\"wd-698325a2b5edf\" class=\"title-wrapper wd-wpb wd-set-mb reset-last-child  wd-rs-698325a2b5edf wd-title-color-default wd-title-style-default text-left vc_custom_1770202361742 wd-underline-colored\">\n\t\t\t\n\t\t\t<div class=\"liner-continer\">\n\t\t\t\t<h4 class=\"woodmart-title-container title  wd-font-weight- wd-fontsize-l\" >Brandalama ve Koruma Hizmetleri<\/h4>\n\t\t\t\t\t\t\t<\/div>\n\t\t\t\n\t\t\t\n\t\t\t\n\t\t<\/div>\n\t\t\n\t\t\t\t<div id=\"wd-6983252b4d430\" class=\"wd-text-block wd-wpb reset-last-child wd-rs-6983252b4d430 text-left vc_custom_1770202235498\">\n\t\t\t<p data-start=\"2635\" data-end=\"2951\">Ta\u015f\u0131ma s\u00fcrecinde y\u00fcklerin d\u0131\u015f etkenlerden korunmas\u0131 b\u00fcy\u00fck \u00f6nem ta\u015f\u0131r. <strong data-start=\"2705\" data-end=\"2743\">Brandalama ve koruma hizmetlerimiz<\/strong>, y\u00fcklerin ya\u011fmur, r\u00fczgar, toz ve d\u0131\u015f darbelerden etkilenmesini \u00f6nlemek amac\u0131yla uygulan\u0131r. Brandalama i\u015flemleri, y\u00fck sabitleme ile birlikte ger\u00e7ekle\u015ftirilerek g\u00fcvenli ve kontroll\u00fc bir ta\u015f\u0131ma s\u00fcreci sa\u011flan\u0131r.<\/p>\n\t\t<\/div>\n\t\t[\/vc_column][vc_column width=&#8221;1\/2&#8243;]\n\t\t<div id=\"wd-698325b09c530\" class=\"title-wrapper wd-wpb wd-set-mb reset-last-child  wd-rs-698325b09c530 wd-title-color-default wd-title-style-default text-left vc_custom_1770202374515 wd-underline-colored\">\n\t\t\t\n\t\t\t<div class=\"liner-continer\">\n\t\t\t\t<h4 class=\"woodmart-title-container title  wd-font-weight- wd-fontsize-l\" >Tekne, Yat ve Ara\u00e7 Sabitleme Hizmetleri<\/h4>\n\t\t\t\t\t\t\t<\/div>\n\t\t\t\n\t\t\t\n\t\t\t\n\t\t<\/div>\n\t\t\n\t\t\t\t<div id=\"wd-69832539c925c\" class=\"wd-text-block wd-wpb reset-last-child wd-rs-69832539c925c text-left vc_custom_1770202249094\">\n\t\t\t<p data-start=\"3002\" data-end=\"3290\">Deniz ta\u015f\u0131ma ve kara ta\u015f\u0131mac\u0131l\u0131\u011f\u0131 s\u00fcre\u00e7lerinde \u00f6zel dikkat gerektiren tekne, yat ve ara\u00e7lar i\u00e7in <strong data-start=\"3099\" data-end=\"3142\">tekne, yat ve ara\u00e7 sabitleme hizmetleri<\/strong> sunmaktay\u0131z. Hassas y\u00fczeylere zarar vermeden ger\u00e7ekle\u015ftirilen sabitleme uygulamalar\u0131 sayesinde, de\u011ferli ara\u00e7lar ve deniz ta\u015f\u0131tlar\u0131 g\u00fcvenle ta\u015f\u0131n\u0131r.<\/p>\n\t\t<\/div>\n\t\t[\/vc_column][\/vc_row]<\/p>\n<\/div>","protected":false},"excerpt":{"rendered":"<p>[vc_section full_width=&#8221;stretch_row&#8221; woodmart_bg_position=&#8221;center-center&#8221; css=&#8221;.vc_custom_1770202563607{padding-top: 50px !important;background-image: url(https:\/\/safeturk.gulfco.com.tr\/wp-content\/uploads\/2026\/01\/jewellery-vertical-line-bg-left.png?id=) !important;background-position: 0 0 !important;background-repeat: repeat !important;}&#8221; woodmart_css_id=&#8221;69832672af2ea&#8221; responsive_spacing=&#8221;eyJwYXJhbV90eXBlIjoid29vZG1hcnRfcmVzcG9uc2l2ZV9zcGFjaW5nIiwic2VsZWN0b3JfaWQiOiI2OTgzMjY3MmFmMmVhIiwic2hvcnRjb2RlIjoidmNfc2VjdGlvbiIsImRhdGEiOnsidGFibGV0Ijp7fSwibW9iaWxlIjp7fX19&#8243; mobile_bg_img_hidden=&#8221;yes&#8221; tablet_bg_img_hidden=&#8221;no&#8221; woodmart_parallax=&#8221;0&#8243; woodmart_gradient_switch=&#8221;no&#8221; woodmart_disable_overflow=&#8221;0&#8243;<\/p>\n","protected":false},"author":1,"featured_media":0,"parent":0,"menu_order":0,"comment_status":"closed","ping_status":"closed","template":"","meta":{"footnotes":""},"class_list":["post-10586","page","type-page","status-publish","hentry"],"_links":{"self":[{"href":"https:\/\/safeturk.gulfco.com.tr\/index.php\/wp-json\/wp\/v2\/pages\/10586","targetHints":{"allow":["GET"]}}],"collection":[{"href":"https:\/\/safeturk.gulfco.com.tr\/index.php\/wp-json\/wp\/v2\/pages"}],"about":[{"href":"https:\/\/safeturk.gulfco.com.tr\/index.php\/wp-json\/wp\/v2\/types\/page"}],"author":[{"embeddable":true,"href":"https:\/\/safeturk.gulfco.com.tr\/index.php\/wp-json\/wp\/v2\/users\/1"}],"replies":[{"embeddable":true,"href":"https:\/\/safeturk.gulfco.com.tr\/index.php\/wp-json\/wp\/v2\/comments?post=10586"}],"version-history":[{"count":9,"href":"https:\/\/safeturk.gulfco.com.tr\/index.php\/wp-json\/wp\/v2\/pages\/10586\/revisions"}],"predecessor-version":[{"id":10597,"href":"https:\/\/safeturk.gulfco.com.tr\/index.php\/wp-json\/wp\/v2\/pages\/10586\/revisions\/10597"}],"wp:attachment":[{"href":"https:\/\/safeturk.gulfco.com.tr\/index.php\/wp-json\/wp\/v2\/media?parent=10586"}],"curies":[{"name":"wp","href":"https:\/\/api.w.org\/{rel}","templated":true}]}}