{"id":10598,"date":"2026-02-04T12:42:59","date_gmt":"2026-02-04T12:42:59","guid":{"rendered":"https:\/\/basscozum.com\/gulfco\/?page_id=10598"},"modified":"2026-02-04T12:42:59","modified_gmt":"2026-02-04T12:42:59","slug":"otomotiv-lojistigi-hizmetleri","status":"publish","type":"page","link":"https:\/\/safeturk.gulfco.com.tr\/index.php\/otomotiv-lojistigi-hizmetleri\/","title":{"rendered":"Otomotiv Lojisti\u011fi Hizmetleri"},"content":{"rendered":"<div class=\"wpb-content-wrapper\"><p>[vc_section full_width=&#8221;stretch_row&#8221; woodmart_bg_position=&#8221;center-center&#8221; css=&#8221;.vc_custom_1770202563607{padding-top: 50px !important;background-image: url(https:\/\/safeturk.gulfco.com.tr\/wp-content\/uploads\/2026\/01\/jewellery-vertical-line-bg-left.png?id=) !important;background-position: 0 0 !important;background-repeat: repeat !important;}&#8221; woodmart_css_id=&#8221;69832672af2ea&#8221; responsive_spacing=&#8221;eyJwYXJhbV90eXBlIjoid29vZG1hcnRfcmVzcG9uc2l2ZV9zcGFjaW5nIiwic2VsZWN0b3JfaWQiOiI2OTgzMjY3MmFmMmVhIiwic2hvcnRjb2RlIjoidmNfc2VjdGlvbiIsImRhdGEiOnsidGFibGV0Ijp7fSwibW9iaWxlIjp7fX19&#8243; mobile_bg_img_hidden=&#8221;yes&#8221; tablet_bg_img_hidden=&#8221;no&#8221; woodmart_parallax=&#8221;0&#8243; woodmart_gradient_switch=&#8221;no&#8221; woodmart_disable_overflow=&#8221;0&#8243; wd_z_index=&#8221;no&#8221; woodmart_box_shadow=&#8221;no&#8221;][vc_row full_width=&#8221;stretch_row&#8221; content_placement=&#8221;middle&#8221; woodmart_bg_position=&#8221;center-top&#8221; row_reverse_mobile=&#8221;1&#8243; woodmart_disable_overflow=&#8221;1&#8243; css=&#8221;.vc_custom_1769764526524{margin-bottom: 35px !important;background-image: url(https:\/\/safeturk.gulfco.com.tr\/wp-content\/uploads\/2026\/01\/bg.png?id=10511) !important;background-position: 0 0 !important;background-repeat: no-repeat !important;}&#8221; woodmart_css_id=&#8221;697c76f642dd6&#8243; responsive_spacing=&#8221;eyJwYXJhbV90eXBlIjoid29vZG1hcnRfcmVzcG9uc2l2ZV9zcGFjaW5nIiwic2VsZWN0b3JfaWQiOiI2OTdjNzZmNjQyZGQ2Iiwic2hvcnRjb2RlIjoidmNfcm93IiwiZGF0YSI6eyJ0YWJsZXQiOnt9LCJtb2JpbGUiOnsibWFyZ2luLWJvdHRvbSI6IjIwcHgifX19&#8243; mobile_bg_img_hidden=&#8221;no&#8221; tablet_bg_img_hidden=&#8221;no&#8221; woodmart_parallax=&#8221;0&#8243; woodmart_gradient_switch=&#8221;no&#8221; row_reverse_tablet=&#8221;0&#8243; wd_z_index=&#8221;no&#8221; woodmart_box_shadow=&#8221;no&#8221;][vc_column css=&#8221;.vc_custom_1770202023247{margin-right: -80px !important;margin-bottom: 40px !important;margin-left: 15px !important;padding-top: 35px !important;padding-right: 50px !important;padding-bottom: 20px !important;padding-left: 50px !important;background-color: #ffffff !important;}&#8221; woodmart_css_id=&#8221;6983243e2a244&#8243; responsive_spacing=&#8221;eyJwYXJhbV90eXBlIjoid29vZG1hcnRfcmVzcG9uc2l2ZV9zcGFjaW5nIiwic2VsZWN0b3JfaWQiOiI2OTgzMjQzZTJhMjQ0Iiwic2hvcnRjb2RlIjoidmNfY29sdW1uIiwiZGF0YSI6eyJ0YWJsZXQiOnt9LCJtb2JpbGUiOnt9fX0=&#8221; parallax_scroll=&#8221;no&#8221; mobile_bg_img_hidden=&#8221;no&#8221; tablet_bg_img_hidden=&#8221;no&#8221; woodmart_parallax=&#8221;0&#8243; woodmart_sticky_column=&#8221;false&#8221; mobile_reset_margin=&#8221;yes&#8221; tablet_reset_margin=&#8221;no&#8221; wd_z_index=&#8221;yes&#8221; wd_collapsible_content_switcher=&#8221;no&#8221; wd_column_role_offcanvas_desktop=&#8221;no&#8221; wd_column_role_offcanvas_tablet=&#8221;no&#8221; wd_column_role_offcanvas_mobile=&#8221;no&#8221; wd_column_role_content_desktop=&#8221;no&#8221; wd_column_role_content_tablet=&#8221;no&#8221; wd_column_role_content_mobile=&#8221;no&#8221; woodmart_box_shadow=&#8221;no&#8221; wd_z_index_custom=&#8221;eyJkZXZpY2VzIjp7ImRlc2t0b3AiOnsidmFsdWUiOiIzNSJ9fX0=&#8221;]\n\t\t<div id=\"wd-69833e0e7a67d\" class=\"title-wrapper wd-wpb wd-set-mb reset-last-child  wd-rs-69833e0e7a67d wd-title-color-default wd-title-style-default text-left vc_custom_1770208606951 wd-underline-colored\">\n\t\t\t\n\t\t\t<div class=\"liner-continer\">\n\t\t\t\t<h4 class=\"woodmart-title-container title  wd-font-weight- wd-fontsize-l\" >Otomotiv Lojisti\u011fi Hizmetleri<\/h4>\n\t\t\t\t\t\t\t<\/div>\n\t\t\t\n\t\t\t\n\t\t\t\n\t\t<\/div>\n\t\t\n\t\t\t\t<div id=\"wd-69833e18954e5\" class=\"wd-text-block wd-wpb reset-last-child wd-rs-69833e18954e5 text-left vc_custom_1770208615908\">\n\t\t\t<p data-start=\"206\" data-end=\"502\">Otomotiv sekt\u00f6r\u00fcnde ara\u00e7lar\u0131n g\u00fcvenli, zaman\u0131nda ve hasars\u0131z \u015fekilde ta\u015f\u0131nmas\u0131; profesyonel planlama ve do\u011fru lojistik \u00e7\u00f6z\u00fcmleri ile m\u00fcmk\u00fcnd\u00fcr. <strong data-start=\"350\" data-end=\"360\">Gulfco<\/strong>, sahip oldu\u011fu operasyonel tecr\u00fcbe ve g\u00fc\u00e7l\u00fc altyap\u0131 ile <strong data-start=\"416\" data-end=\"449\">otomotiv lojisti\u011fi hizmetleri<\/strong> alan\u0131nda g\u00fcvenilir ve s\u00fcrd\u00fcr\u00fclebilir \u00e7\u00f6z\u00fcmler sunar.<\/p>\n<p data-start=\"504\" data-end=\"753\">Bitmi\u015f ara\u00e7 ta\u015f\u0131madan depolamaya, konteyner ve vagon ta\u015f\u0131malar\u0131ndan \u00f6zel kapal\u0131 ara\u00e7 \u00e7\u00f6z\u00fcmlerine kadar t\u00fcm s\u00fcre\u00e7ler, uzman ekiplerimiz taraf\u0131ndan titizlikle y\u00f6netilir. Her ta\u015f\u0131ma operasyonu, ara\u00e7 tipine ve sevkiyat ko\u015fullar\u0131na \u00f6zel olarak planlan\u0131r.<\/p>\n\t\t<\/div>\n\t\t[\/vc_column][\/vc_row][\/vc_section][vc_row][vc_column][vc_single_image image=&#8221;10599&#8243; img_size=&#8221;full&#8221; css=&#8221;&#8221; parallax_scroll=&#8221;no&#8221; woodmart_inline=&#8221;no&#8221;][\/vc_column][\/vc_row][vc_row][vc_column width=&#8221;1\/2&#8243;]\n\t\t<div id=\"wd-69833e6b030b3\" class=\"title-wrapper wd-wpb wd-set-mb reset-last-child  wd-rs-69833e6b030b3 wd-title-color-default wd-title-style-default text-left vc_custom_1770208699752 wd-underline-colored\">\n\t\t\t\n\t\t\t<div class=\"liner-continer\">\n\t\t\t\t<h4 class=\"woodmart-title-container title  wd-font-weight- wd-fontsize-l\" >Bitmi\u015f Ara\u00e7 Ta\u015f\u0131ma Hizmetleri<\/h4>\n\t\t\t\t\t\t\t<\/div>\n\t\t\t\n\t\t\t\n\t\t\t\n\t\t<\/div>\n\t\t\n\t\t\t\t<div id=\"wd-69833e73d298b\" class=\"wd-text-block wd-wpb reset-last-child wd-rs-69833e73d298b text-left vc_custom_1770208708079\">\n\t\t\t<p data-start=\"794\" data-end=\"1170\">\u00dcretimi tamamlanm\u0131\u015f ara\u00e7lar\u0131n g\u00fcvenli \u015fekilde sevk edilmesi, otomotiv lojisti\u011finin en kritik a\u015famalar\u0131ndan biridir. <strong data-start=\"910\" data-end=\"946\">Bitmi\u015f ara\u00e7 ta\u015f\u0131ma hizmetlerimiz<\/strong>, ara\u00e7lar\u0131n ta\u015f\u0131ma s\u00fcrecinde herhangi bir hasar g\u00f6rmemesi i\u00e7in profesyonel sabitleme ve koruma y\u00f6ntemleriyle ger\u00e7ekle\u015ftirilir. Bayi sevkiyatlar\u0131, ihracat ta\u015f\u0131malar\u0131 ve proje bazl\u0131 g\u00f6nderimler i\u00e7in g\u00fcvenli \u00e7\u00f6z\u00fcmler sunuyoruz.<\/p>\n\t\t<\/div>\n\t\t[\/vc_column][vc_column width=&#8221;1\/2&#8243;]\n\t\t<div id=\"wd-69833e7c171c7\" class=\"title-wrapper wd-wpb wd-set-mb reset-last-child  wd-rs-69833e7c171c7 wd-title-color-default wd-title-style-default text-left vc_custom_1770208716549 wd-underline-colored\">\n\t\t\t\n\t\t\t<div class=\"liner-continer\">\n\t\t\t\t<h4 class=\"woodmart-title-container title  wd-font-weight- wd-fontsize-l\" >Ara\u00e7 Depolama Hizmetleri<\/h4>\n\t\t\t\t\t\t\t<\/div>\n\t\t\t\n\t\t\t\n\t\t\t\n\t\t<\/div>\n\t\t\n\t\t\t\t<div id=\"wd-69833e8811607\" class=\"wd-text-block wd-wpb reset-last-child wd-rs-69833e8811607 text-left vc_custom_1770208727478\">\n\t\t\t<p data-start=\"1206\" data-end=\"1523\">Gulfco, geni\u015f a\u00e7\u0131k ve kapal\u0131 alan altyap\u0131s\u0131 ile <strong data-start=\"1254\" data-end=\"1282\">ara\u00e7 depolama hizmetleri<\/strong> sunmaktad\u0131r. Depolama s\u00fcre\u00e7lerimizde ara\u00e7lar\u0131n g\u00fcvenli\u011fi, d\u00fczenli yerle\u015fimi ve kontroll\u00fc eri\u015fimi \u00f6n planda tutulur. K\u0131sa ve uzun s\u00fcreli depolama ihtiya\u00e7lar\u0131 i\u00e7in uygun \u00e7\u00f6z\u00fcmler sa\u011flayarak, lojistik s\u00fcre\u00e7lerinizi kesintisiz hale getiriyoruz.<\/p>\n\t\t<\/div>\n\t\t[\/vc_column][\/vc_row][vc_row][vc_column][vc_single_image image=&#8221;10600&#8243; img_size=&#8221;full&#8221; css=&#8221;&#8221; parallax_scroll=&#8221;no&#8221; woodmart_inline=&#8221;no&#8221;][\/vc_column][\/vc_row][vc_row][vc_column width=&#8221;1\/2&#8243;]\n\t\t<div id=\"wd-69833e8e05c39\" class=\"title-wrapper wd-wpb wd-set-mb reset-last-child  wd-rs-69833e8e05c39 wd-title-color-default wd-title-style-default text-left vc_custom_1770208736820 wd-underline-colored\">\n\t\t\t\n\t\t\t<div class=\"liner-continer\">\n\t\t\t\t<h4 class=\"woodmart-title-container title  wd-font-weight- wd-fontsize-l\" >Konteyner ve Vagon ile Ta\u015f\u0131ma Hizmetleri<\/h4>\n\t\t\t\t\t\t\t<\/div>\n\t\t\t\n\t\t\t\n\t\t\t\n\t\t<\/div>\n\t\t\n\t\t\t\t<div id=\"wd-69833e970d317\" class=\"wd-text-block wd-wpb reset-last-child wd-rs-69833e970d317 text-left vc_custom_1770208742051\">\n\t\t\t<p data-start=\"1575\" data-end=\"1913\">Uluslararas\u0131 ve uzun mesafeli ta\u015f\u0131malar i\u00e7in sundu\u011fumuz <strong data-start=\"1631\" data-end=\"1675\">konteyner ve vagon ile ta\u015f\u0131ma hizmetleri<\/strong>, otomotiv lojisti\u011finde g\u00fcvenli ve verimli bir alternatif sunar. Ara\u00e7lar, ta\u015f\u0131ma t\u00fcr\u00fcne uygun \u015fekilde sabitlenir ve sevkiyat s\u00fcresince maksimum koruma sa\u011flan\u0131r. Bu y\u00f6ntem, \u00f6zellikle ihracat ve b\u00fcy\u00fck \u00f6l\u00e7ekli projelerde tercih edilmektedir.<\/p>\n\t\t<\/div>\n\t\t[\/vc_column][vc_column width=&#8221;1\/2&#8243;]\n\t\t<div id=\"wd-69833e9c086f5\" class=\"title-wrapper wd-wpb wd-set-mb reset-last-child  wd-rs-69833e9c086f5 wd-title-color-default wd-title-style-default text-left vc_custom_1770208749456 wd-underline-colored\">\n\t\t\t\n\t\t\t<div class=\"liner-continer\">\n\t\t\t\t<h4 class=\"woodmart-title-container title  wd-font-weight- wd-fontsize-l\" >\u00d6zel Kapal\u0131 Ara\u00e7 ile Ta\u015f\u0131ma Hizmetleri<\/h4>\n\t\t\t\t\t\t\t<\/div>\n\t\t\t\n\t\t\t\n\t\t\t\n\t\t<\/div>\n\t\t\n\t\t\t\t<div id=\"wd-69833ea3cd7a6\" class=\"wd-text-block wd-wpb reset-last-child wd-rs-69833ea3cd7a6 text-left vc_custom_1770208755914\">\n\t\t\t<p data-start=\"1963\" data-end=\"2262\">Y\u00fcksek de\u011ferli, hassas veya \u00f6zel nitelikli ara\u00e7lar i\u00e7in <strong data-start=\"2019\" data-end=\"2061\">\u00f6zel kapal\u0131 ara\u00e7 ile ta\u015f\u0131ma hizmetleri<\/strong> sunuyoruz. Kapal\u0131 ta\u015f\u0131ma \u00e7\u00f6z\u00fcmlerimiz sayesinde ara\u00e7lar; hava ko\u015fullar\u0131, d\u0131\u015f etkenler ve \u00e7evresel risklerden tamamen korunur. Premium segment ara\u00e7lar ve \u00f6zel projeler i\u00e7in ideal bir ta\u015f\u0131ma y\u00f6ntemidir.<\/p>\n\t\t<\/div>\n\t\t[\/vc_column][\/vc_row]<\/p>\n<\/div>","protected":false},"excerpt":{"rendered":"<p>[vc_section full_width=&#8221;stretch_row&#8221; woodmart_bg_position=&#8221;center-center&#8221; css=&#8221;.vc_custom_1770202563607{padding-top: 50px !important;background-image: url(https:\/\/safeturk.gulfco.com.tr\/wp-content\/uploads\/2026\/01\/jewellery-vertical-line-bg-left.png?id=) !important;background-position: 0 0 !important;background-repeat: repeat !important;}&#8221; woodmart_css_id=&#8221;69832672af2ea&#8221; responsive_spacing=&#8221;eyJwYXJhbV90eXBlIjoid29vZG1hcnRfcmVzcG9uc2l2ZV9zcGFjaW5nIiwic2VsZWN0b3JfaWQiOiI2OTgzMjY3MmFmMmVhIiwic2hvcnRjb2RlIjoidmNfc2VjdGlvbiIsImRhdGEiOnsidGFibGV0Ijp7fSwibW9iaWxlIjp7fX19&#8243; mobile_bg_img_hidden=&#8221;yes&#8221; tablet_bg_img_hidden=&#8221;no&#8221; woodmart_parallax=&#8221;0&#8243; woodmart_gradient_switch=&#8221;no&#8221; woodmart_disable_overflow=&#8221;0&#8243;<\/p>\n","protected":false},"author":1,"featured_media":0,"parent":0,"menu_order":0,"comment_status":"closed","ping_status":"closed","template":"","meta":{"footnotes":""},"class_list":["post-10598","page","type-page","status-publish","hentry"],"_links":{"self":[{"href":"https:\/\/safeturk.gulfco.com.tr\/index.php\/wp-json\/wp\/v2\/pages\/10598","targetHints":{"allow":["GET"]}}],"collection":[{"href":"https:\/\/safeturk.gulfco.com.tr\/index.php\/wp-json\/wp\/v2\/pages"}],"about":[{"href":"https:\/\/safeturk.gulfco.com.tr\/index.php\/wp-json\/wp\/v2\/types\/page"}],"author":[{"embeddable":true,"href":"https:\/\/safeturk.gulfco.com.tr\/index.php\/wp-json\/wp\/v2\/users\/1"}],"replies":[{"embeddable":true,"href":"https:\/\/safeturk.gulfco.com.tr\/index.php\/wp-json\/wp\/v2\/comments?post=10598"}],"version-history":[{"count":1,"href":"https:\/\/safeturk.gulfco.com.tr\/index.php\/wp-json\/wp\/v2\/pages\/10598\/revisions"}],"predecessor-version":[{"id":10601,"href":"https:\/\/safeturk.gulfco.com.tr\/index.php\/wp-json\/wp\/v2\/pages\/10598\/revisions\/10601"}],"wp:attachment":[{"href":"https:\/\/safeturk.gulfco.com.tr\/index.php\/wp-json\/wp\/v2\/media?parent=10598"}],"curies":[{"name":"wp","href":"https:\/\/api.w.org\/{rel}","templated":true}]}}