{"id":5212,"date":"2021-08-25T07:26:28","date_gmt":"2021-08-25T07:26:28","guid":{"rendered":"http:\/\/dummy.xtemos.com\/woodmart2\/?page_id=5212"},"modified":"2026-02-27T09:39:59","modified_gmt":"2026-02-27T09:39:59","slug":"hakkimizda","status":"publish","type":"page","link":"https:\/\/safeturk.gulfco.com.tr\/index.php\/hakkimizda\/","title":{"rendered":"Hakk\u0131m\u0131zda"},"content":{"rendered":"<div class=\"wpb-content-wrapper\"><p>[vc_row css=&#8221;.vc_custom_1629877038080{margin-bottom: 40px !important;}&#8221; mobile_bg_img_hidden=&#8221;no&#8221; tablet_bg_img_hidden=&#8221;no&#8221; woodmart_parallax=&#8221;0&#8243; woodmart_gradient_switch=&#8221;no&#8221; row_reverse_mobile=&#8221;1&#8243; row_reverse_tablet=&#8221;1&#8243; woodmart_disable_overflow=&#8221;0&#8243; wd_z_index=&#8221;no&#8221; woodmart_css_id=&#8221;6125f32826e3d&#8221; responsive_spacing=&#8221;eyJwYXJhbV90eXBlIjoid29vZG1hcnRfcmVzcG9uc2l2ZV9zcGFjaW5nIiwic2VsZWN0b3JfaWQiOiI2MTI1ZjMyODI2ZTNkIiwic2hvcnRjb2RlIjoidmNfcm93IiwiZGF0YSI6eyJ0YWJsZXQiOnt9LCJtb2JpbGUiOnsibWFyZ2luLWJvdHRvbSI6IjIwIn19fQ==&#8221;][vc_column]\n\t\t<div id=\"wd-697de67da5f5d\" class=\"title-wrapper wd-wpb wd-set-mb reset-last-child  wd-rs-697de67da5f5d wd-title-color-primary wd-title-style-default text-center vc_custom_1769858513725 wd-underline-colored\">\n\t\t\t\t\t\t\t\n\t\t\t\t<div class=\"title-subtitle  subtitle-color-primary font-default subtitle-style-default wd-font-weight-600 wd-fontsize-xs\">GULFCO<\/div>\n\t\t\t\n\t\t\t<div class=\"liner-continer\">\n\t\t\t\t<h4 class=\"woodmart-title-container title  wd-font-weight- wd-fontsize-xxl\" >Firmam\u0131z Hakk\u0131nda<\/h4>\n\t\t\t\t\t\t\t<\/div>\n\t\t\t\n\t\t\t\n\t\t\t\n\t\t<\/div>\n\t\t\n\t\t[\/vc_column][vc_column css=&#8221;.vc_custom_1629877010833{margin-bottom: 40px !important;padding-top: 0px !important;}&#8221; mobile_bg_img_hidden=&#8221;no&#8221; tablet_bg_img_hidden=&#8221;no&#8221; woodmart_parallax=&#8221;0&#8243; woodmart_sticky_column=&#8221;false&#8221; parallax_scroll=&#8221;no&#8221; mobile_reset_margin=&#8221;no&#8221; tablet_reset_margin=&#8221;no&#8221; offset=&#8221;vc_col-lg-6 vc_col-md-6&#8243; wd_z_index=&#8221;no&#8221; woodmart_css_id=&#8221;6125f30edad72&#8243; responsive_spacing=&#8221;eyJwYXJhbV90eXBlIjoid29vZG1hcnRfcmVzcG9uc2l2ZV9zcGFjaW5nIiwic2VsZWN0b3JfaWQiOiI2MTI1ZjMwZWRhZDcyIiwic2hvcnRjb2RlIjoidmNfY29sdW1uIiwiZGF0YSI6eyJ0YWJsZXQiOnt9LCJtb2JpbGUiOnt9fX0=&#8221;]\t\t<div id=\"wd-69a1665602a03\" class=\"wd-image wd-wpb wd-rs-69a1665602a03 text-left vc_custom_1772184987134\">\n\t\t\t\n\t\t\t<img loading=\"lazy\" decoding=\"async\" width=\"1200\" height=\"1600\" src=\"https:\/\/safeturk.gulfco.com.tr\/wp-content\/uploads\/2017\/06\/WhatsApp-Image-2026-02-04-at-11.16.25.jpeg\" class=\"attachment-full size-full\" alt=\"\" srcset=\"https:\/\/safeturk.gulfco.com.tr\/wp-content\/uploads\/2017\/06\/WhatsApp-Image-2026-02-04-at-11.16.25.jpeg 1200w, https:\/\/safeturk.gulfco.com.tr\/wp-content\/uploads\/2017\/06\/WhatsApp-Image-2026-02-04-at-11.16.25-225x300.jpeg 225w, https:\/\/safeturk.gulfco.com.tr\/wp-content\/uploads\/2017\/06\/WhatsApp-Image-2026-02-04-at-11.16.25-600x800.jpeg 600w, https:\/\/safeturk.gulfco.com.tr\/wp-content\/uploads\/2017\/06\/WhatsApp-Image-2026-02-04-at-11.16.25-768x1024.jpeg 768w, https:\/\/safeturk.gulfco.com.tr\/wp-content\/uploads\/2017\/06\/WhatsApp-Image-2026-02-04-at-11.16.25-1152x1536.jpeg 1152w, https:\/\/safeturk.gulfco.com.tr\/wp-content\/uploads\/2017\/06\/WhatsApp-Image-2026-02-04-at-11.16.25-430x573.jpeg 430w, https:\/\/safeturk.gulfco.com.tr\/wp-content\/uploads\/2017\/06\/WhatsApp-Image-2026-02-04-at-11.16.25-700x933.jpeg 700w, https:\/\/safeturk.gulfco.com.tr\/wp-content\/uploads\/2017\/06\/WhatsApp-Image-2026-02-04-at-11.16.25-150x200.jpeg 150w\" sizes=\"auto, (max-width: 1200px) 100vw, 1200px\" \/>\n\t\t\t\t\t<\/div>\n\t\t[\/vc_column][vc_column mobile_bg_img_hidden=&#8221;no&#8221; tablet_bg_img_hidden=&#8221;no&#8221; woodmart_parallax=&#8221;0&#8243; woodmart_sticky_column=&#8221;false&#8221; parallax_scroll=&#8221;no&#8221; mobile_reset_margin=&#8221;no&#8221; tablet_reset_margin=&#8221;no&#8221; offset=&#8221;vc_col-lg-6 vc_col-md-6 vc_col-xs-12&#8243; wd_z_index=&#8221;no&#8221; woodmart_css_id=&#8221;697de673d975d&#8221; responsive_spacing=&#8221;eyJwYXJhbV90eXBlIjoid29vZG1hcnRfcmVzcG9uc2l2ZV9zcGFjaW5nIiwic2VsZWN0b3JfaWQiOiI2OTdkZTY3M2Q5NzVkIiwic2hvcnRjb2RlIjoidmNfY29sdW1uIiwiZGF0YSI6eyJ0YWJsZXQiOnt9LCJtb2JpbGUiOnsicGFkZGluZy10b3AiOiIwcHgifX19&#8243; wd_collapsible_content_switcher=&#8221;no&#8221; wd_column_role_offcanvas_desktop=&#8221;no&#8221; wd_column_role_offcanvas_tablet=&#8221;no&#8221; wd_column_role_offcanvas_mobile=&#8221;no&#8221; wd_column_role_content_desktop=&#8221;no&#8221; wd_column_role_content_tablet=&#8221;no&#8221; wd_column_role_content_mobile=&#8221;no&#8221; woodmart_box_shadow=&#8221;no&#8221;]\t\t<div id=\"wd-697de61c19161\" class=\"wd-text-block wd-wpb reset-last-child wd-rs-697de61c19161 text-left wd-fontsize-custom vc_custom_1769858418304\">\n\t\t\t<p data-start=\"135\" data-end=\"483\">Gulfco Y\u00fck G\u00fcvenli\u011fi, 1989 y\u0131l\u0131nda \u0130stanbul Karak\u00f6y Per\u015fembe Pazar\u0131\u2019nda <strong data-start=\"207\" data-end=\"247\">spanzet ve y\u00fck g\u00fcvenli\u011fi ekipmanlar\u0131<\/strong> \u00fcretimi yaparak ticaret hayat\u0131na ba\u015flam\u0131\u015ft\u0131r. Kuruldu\u011fu g\u00fcnden bu yana kalite, g\u00fcvenlik ve s\u00fcrd\u00fcr\u00fclebilir hizmet anlay\u0131\u015f\u0131n\u0131 temel prensip edinen firmam\u0131z, sekt\u00f6rde edindi\u011fi tecr\u00fcbe ile faaliyet alanlar\u0131n\u0131 s\u00fcrekli olarak geni\u015fletmi\u015ftir.<\/p>\n<p data-start=\"485\" data-end=\"850\">2010 y\u0131l\u0131 itibar\u0131yla T\u00fcrkiye\u2019nin farkl\u0131 b\u00f6lgelerinde <strong data-start=\"538\" data-end=\"565\">lashing (y\u00fck sabitleme)<\/strong> ve <strong data-start=\"569\" data-end=\"589\">liman hizmetleri<\/strong> sunmaya ba\u015flayan Gulfco, 2022 y\u0131l\u0131 itibar\u0131yla \u00f6z mal filosu ile <strong data-start=\"654\" data-end=\"676\">otomotiv lojisti\u011fi<\/strong> hizmetlerini de b\u00fcnyesine katm\u0131\u015ft\u0131r. Ayn\u0131 zamanda 100.000 m\u00b2 a\u00e7\u0131k otomotiv depolama alan\u0131 ile b\u00fcy\u00fck \u00f6l\u00e7ekli operasyonlar\u0131 g\u00fcvenle y\u00f6netebilecek g\u00fc\u00e7l\u00fc bir altyap\u0131ya sahiptir.<\/p>\n<p data-start=\"852\" data-end=\"1210\">Firmam\u0131z, bug\u00fcn \u0130stanbul merkezine yakla\u015f\u0131k 100 km mesafede bulunan <strong data-start=\"920\" data-end=\"940\">Kocaeli \u2013 K\u00f6rfez<\/strong> il\u00e7esindeki 2.500 m\u00b2 kapal\u0131 alana sahip modern tesislerinde faaliyetlerini s\u00fcrd\u00fcrmektedir. \u00dcretiminin yakla\u015f\u0131k %70\u2019ini yurt d\u0131\u015f\u0131 pazar\u0131na ger\u00e7ekle\u015ftiren Gulfco, d\u00fcnyan\u0131n bir\u00e7ok farkl\u0131 noktas\u0131na ihracat yaparak global \u00f6l\u00e7ekte tercih edilen bir marka konumuna ula\u015fm\u0131\u015ft\u0131r.<\/p>\n<p data-start=\"1212\" data-end=\"1598\">Gulfco olarak; <strong data-start=\"1227\" data-end=\"1246\">spanzet \u00fcretimi<\/strong>, y\u00fck sabitleme ekipmanlar\u0131, konteyner i\u00e7i ve ara\u00e7 \u00fcst\u00fc y\u00fck g\u00fcvenli\u011fi \u00e7\u00f6z\u00fcmleri, proje bazl\u0131 lashing hizmetleri ve otomotiv lojisti\u011fi alanlar\u0131nda y\u00fcksek kalite standartlar\u0131nda hizmet sunmaktay\u0131z. Deneyimli ekibimiz, g\u00fc\u00e7l\u00fc teknik altyap\u0131m\u0131z ve m\u00fc\u015fteri odakl\u0131 yakla\u015f\u0131m\u0131m\u0131z ile her zaman <strong data-start=\"1531\" data-end=\"1574\">maksimum g\u00fcvenlik, kalite ve verimlilik<\/strong> sa\u011flamay\u0131 hedefliyoruz.<\/p>\n\t\t<\/div>\n\t\t[\/vc_column][\/vc_row]<\/p>\n<\/div>","protected":false},"excerpt":{"rendered":"<p>[vc_row css=&#8221;.vc_custom_1629877038080{margin-bottom: 40px !important;}&#8221; mobile_bg_img_hidden=&#8221;no&#8221; tablet_bg_img_hidden=&#8221;no&#8221; woodmart_parallax=&#8221;0&#8243; woodmart_gradient_switch=&#8221;no&#8221; row_reverse_mobile=&#8221;1&#8243; row_reverse_tablet=&#8221;1&#8243; woodmart_disable_overflow=&#8221;0&#8243; wd_z_index=&#8221;no&#8221; woodmart_css_id=&#8221;6125f32826e3d&#8221; responsive_spacing=&#8221;eyJwYXJhbV90eXBlIjoid29vZG1hcnRfcmVzcG9uc2l2ZV9zcGFjaW5nIiwic2VsZWN0b3JfaWQiOiI2MTI1ZjMyODI2ZTNkIiwic2hvcnRjb2RlIjoidmNfcm93IiwiZGF0YSI6eyJ0YWJsZXQiOnt9LCJtb2JpbGUiOnsibWFyZ2luLWJvdHRvbSI6IjIwIn19fQ==&#8221;][vc_column][\/vc_column][vc_column css=&#8221;.vc_custom_1629877010833{margin-bottom: 40px !important;padding-top: 0px !important;}&#8221; mobile_bg_img_hidden=&#8221;no&#8221;<\/p>\n","protected":false},"author":1,"featured_media":0,"parent":0,"menu_order":0,"comment_status":"closed","ping_status":"closed","template":"","meta":{"footnotes":""},"class_list":["post-5212","page","type-page","status-publish","hentry"],"_links":{"self":[{"href":"https:\/\/safeturk.gulfco.com.tr\/index.php\/wp-json\/wp\/v2\/pages\/5212","targetHints":{"allow":["GET"]}}],"collection":[{"href":"https:\/\/safeturk.gulfco.com.tr\/index.php\/wp-json\/wp\/v2\/pages"}],"about":[{"href":"https:\/\/safeturk.gulfco.com.tr\/index.php\/wp-json\/wp\/v2\/types\/page"}],"author":[{"embeddable":true,"href":"https:\/\/safeturk.gulfco.com.tr\/index.php\/wp-json\/wp\/v2\/users\/1"}],"replies":[{"embeddable":true,"href":"https:\/\/safeturk.gulfco.com.tr\/index.php\/wp-json\/wp\/v2\/comments?post=5212"}],"version-history":[{"count":7,"href":"https:\/\/safeturk.gulfco.com.tr\/index.php\/wp-json\/wp\/v2\/pages\/5212\/revisions"}],"predecessor-version":[{"id":10672,"href":"https:\/\/safeturk.gulfco.com.tr\/index.php\/wp-json\/wp\/v2\/pages\/5212\/revisions\/10672"}],"wp:attachment":[{"href":"https:\/\/safeturk.gulfco.com.tr\/index.php\/wp-json\/wp\/v2\/media?parent=5212"}],"curies":[{"name":"wp","href":"https:\/\/api.w.org\/{rel}","templated":true}]}}