{"id":10646,"date":"2026-02-09T11:57:55","date_gmt":"2026-02-09T11:57:55","guid":{"rendered":"https:\/\/basscozum.com\/gulfco\/?post_type=product&#038;p=10646"},"modified":"2026-02-16T10:17:31","modified_gmt":"2026-02-16T10:17:31","slug":"18","status":"publish","type":"product","link":"https:\/\/safeturk.gulfco.com.tr\/index.php\/urun\/18\/","title":{"rendered":"Lambal\u0131 Set Halat\u0131 ve 2 Adet Kancas\u0131"},"content":{"rendered":"","protected":false},"excerpt":{"rendered":"<p>Lambal\u0131 set halat\u0131 ve iki adet kancas\u0131 85 grm y\u00fcksek mukavemetli polyester halat boy 3 mt &#8211; 3.5 mt- 4 mt se\u00e7enekleri<\/p>\n","protected":false},"featured_media":10627,"comment_status":"closed","ping_status":"closed","template":"","meta":[],"product_brand":[77],"product_cat":[24,30],"product_tag":[],"class_list":{"0":"post-10646","1":"product","2":"type-product","3":"status-publish","4":"has-post-thumbnail","6":"product_brand-gulfco","7":"product_cat-spanzet-cesitleri","8":"product_cat-yuk-sabitleme-aksesuarlari","10":"first","11":"instock","12":"shipping-taxable","13":"purchasable","14":"product-type-variable"},"_links":{"self":[{"href":"https:\/\/safeturk.gulfco.com.tr\/index.php\/wp-json\/wp\/v2\/product\/10646","targetHints":{"allow":["GET"]}}],"collection":[{"href":"https:\/\/safeturk.gulfco.com.tr\/index.php\/wp-json\/wp\/v2\/product"}],"about":[{"href":"https:\/\/safeturk.gulfco.com.tr\/index.php\/wp-json\/wp\/v2\/types\/product"}],"replies":[{"embeddable":true,"href":"https:\/\/safeturk.gulfco.com.tr\/index.php\/wp-json\/wp\/v2\/comments?post=10646"}],"wp:featuredmedia":[{"embeddable":true,"href":"https:\/\/safeturk.gulfco.com.tr\/index.php\/wp-json\/wp\/v2\/media\/10627"}],"wp:attachment":[{"href":"https:\/\/safeturk.gulfco.com.tr\/index.php\/wp-json\/wp\/v2\/media?parent=10646"}],"wp:term":[{"taxonomy":"product_brand","embeddable":true,"href":"https:\/\/safeturk.gulfco.com.tr\/index.php\/wp-json\/wp\/v2\/product_brand?post=10646"},{"taxonomy":"product_cat","embeddable":true,"href":"https:\/\/safeturk.gulfco.com.tr\/index.php\/wp-json\/wp\/v2\/product_cat?post=10646"},{"taxonomy":"product_tag","embeddable":true,"href":"https:\/\/safeturk.gulfco.com.tr\/index.php\/wp-json\/wp\/v2\/product_tag?post=10646"}],"curies":[{"name":"wp","href":"https:\/\/api.w.org\/{rel}","templated":true}]}}